{"id":56,"date":"2021-09-30T22:12:42","date_gmt":"2021-09-30T22:12:42","guid":{"rendered":"https:\/\/webredox.net\/demo\/wp\/bauen\/light\/multi\/demo1\/?page_id=56"},"modified":"2026-03-17T06:07:15","modified_gmt":"2026-03-17T06:07:15","slug":"about-us","status":"publish","type":"page","link":"https:\/\/sanatdekorasyon.com\/en\/about-us\/","title":{"rendered":"ABOUT US"},"content":{"rendered":"<div class=\"wpb-content-wrapper\">[vc_row row_type=&#8221;main-section&#8221; bauen_section_layout=&#8221;section_grid&#8221; bauen_df_padding_bottom=&#8221;section-padding2&#8243;][vc_column][wr_vc_section_heading title=&#8221;SANAT DEKORASYON&#8221; animate=&#8221;yes&#8221; title2=&#8221;Bauen&#8221;]Founded in 1986 in Istanbul by Leyla and Faruk D\u00fclgar, SANAT DEKORASYON was further strengthened with the participation of Oktay and Turgay Ok\u00e7u, evolving into a well-established family-owned company. With the inclusion of Ege D\u00fclgar, who completed his education in Italy, the brand acquired a refined international design vision.<\/p>\n<p>What began as a modest woodworking and upholstery workshop has grown into a global organization delivering distinguished interior spaces and bespoke production projects across numerous countries worldwide. SANAT DEKORASYON integrates functionality, aesthetics, and superior quality in custom furniture design, manufacturing, and large-scale turnkey projects.<\/p>\n<p>Supported by internationally compliant project management practices, a robust production infrastructure, and global delivery capabilities, the company continues to serve as a reliable solution partner, creating lasting value in projects of all scales across different regions of the world.[\/wr_vc_section_heading][vc_row_inner el_id=&#8221;icons-about-us&#8221;][vc_column_inner width=&#8221;1\/3&#8243;][wr_vc_section_services title2=&#8221;01&#8243;]<img loading=\"lazy\" decoding=\"async\" class=\"size-full wp-image-1279 aligncenter\" src=\"https:\/\/sanatdekorasyon.com\/en\/wp-content\/uploads\/2026\/03\/about-us-1.png\" alt=\"\" width=\"300\" height=\"268\" \/>We see design not merely as an aesthetic outcome, but as a way of thinking refined over time. With patience in detail, we shape spaces through flow, balance, and use.[\/wr_vc_section_services][\/vc_column_inner][vc_column_inner width=&#8221;1\/3&#8243;][wr_vc_section_services title2=&#8221;02&#8243;]<span style=\"font-weight: 400;\"><img loading=\"lazy\" decoding=\"async\" class=\"size-full wp-image-1280 aligncenter\" src=\"https:\/\/sanatdekorasyon.com\/en\/wp-content\/uploads\/2026\/03\/about-us-2.png\" alt=\"\" width=\"300\" height=\"268\" \/>Craftsmanship and experience passed down since 1986 form the foundation of every space we create today. Heritage meets a contemporary vision, carried forward with care.<\/span>[\/wr_vc_section_services][\/vc_column_inner][vc_column_inner width=&#8221;1\/3&#8243;][wr_vc_section_services title2=&#8221;03&#8243;]<span style=\"font-weight: 400;\"><img loading=\"lazy\" decoding=\"async\" class=\"size-full wp-image-1281 aligncenter\" src=\"https:\/\/sanatdekorasyon.com\/en\/wp-content\/uploads\/2026\/03\/about-us-3.png\" alt=\"\" width=\"300\" height=\"268\" \/>Our studio is where ideas become design, and design becomes space. Through an interdisciplinary approach, thinking, making, and execution come together under one roof.<\/span>[\/wr_vc_section_services][\/vc_column_inner][\/vc_row_inner][\/vc_column][\/vc_row][vc_row bauen_row_class=&#8221;bg12&#8243; row_type=&#8221;main-section&#8221; bauen_section_layout=&#8221;section_grid&#8221; bauen_df_padding_top=&#8221;section-padding1&#8243; bauen_background_img=&#8221;1242&#8243; bauen_background_parallaxx=&#8221;st1&#8243; bauen_background_overly=&#8221;3&#8243; bauen_background_index=&#8221;&#8221;][vc_column width=&#8221;6\/12&#8243;][\/vc_column][vc_column width=&#8221;1\/12&#8243;][\/vc_column][vc_column width=&#8221;5\/12&#8243;][wr_vc_section_testimonials animate=&#8221;yes&#8221; title=&#8221;What Client&#8217;s Say?&#8221;][wr_vc_section_testimonial image=&#8221;20&#8243; title=&#8221;Jason Brown&#8221; title2=&#8221;Crowne Plaza Owner&#8221;]Architect dapibus augue metus the nec feugiat erat hendrerit nec. Duis ve ante the lemon sanleo nec feugiat erat hendrerit necuis ve ante.[\/wr_vc_section_testimonial][wr_vc_section_testimonial image=&#8221;21&#8243; title=&#8221;Emily White&#8221; title2=&#8221;Armada Owner&#8221;]Interior dapibus augue metus the nec feugiat erat hendrerit nec. Duis ve ante the lemon sanleo nec feugiat erat hendrerit necuis ve ante.[\/wr_vc_section_testimonial][wr_vc_section_testimonial image=&#8221;23&#8243; title=&#8221;Jesica Smith&#8221; title2=&#8221;Alsa Manager&#8221;]Urban dapibus augue metus the nec feugiat erat hendrerit nec. Duis ve ante the lemon sanleo nec feugiat erat hendrerit necuis ve ante.[\/wr_vc_section_testimonial][\/wr_vc_section_testimonials][\/vc_column][\/vc_row][vc_row bauen_row_class=&#8221;section-flags&#8221; row_type=&#8221;main-section&#8221; bauen_section_layout=&#8221;section_grid&#8221; bauen_color_scheme=&#8221;bg-scheme-1&#8243; wr_color_scheme=&#8221;bg-scheme-1&#8243;][vc_column][wr_vc_section_partners class=&#8221;flags&#8221;][wr_vc_section_partner image=&#8221;1115&#8243;][wr_vc_section_partner image=&#8221;1123&#8243; link_url=&#8221;#&#8221;][wr_vc_section_partner image=&#8221;1117&#8243; link_url=&#8221;#&#8221;][wr_vc_section_partner image=&#8221;1124&#8243; link_url=&#8221;#&#8221;][wr_vc_section_partner image=&#8221;1118&#8243; link_url=&#8221;#&#8221;][wr_vc_section_partner image=&#8221;1120&#8243; link_url=&#8221;#&#8221;][wr_vc_section_partner image=&#8221;1121&#8243;][wr_vc_section_partner image=&#8221;1119&#8243; link_url=&#8221;#&#8221;][wr_vc_section_partner image=&#8221;1122&#8243; link_url=&#8221;#&#8221;][wr_vc_section_partner image=&#8221;1116&#8243;][\/wr_vc_section_partners][\/vc_column][\/vc_row][vc_row bauen_row_class=&#8221;section-flags-yedek&#8221; row_type=&#8221;main-section&#8221; bauen_section_layout=&#8221;section_grid&#8221; bauen_color_scheme=&#8221;bg-scheme-1&#8243; wr_color_scheme=&#8221;bg-scheme-1&#8243;][vc_column width=&#8221;7\/12&#8243;][wr_vc_section_partners class=&#8221;flags&#8221;][wr_vc_section_partner image=&#8221;1115&#8243;][wr_vc_section_partner image=&#8221;1123&#8243; link_url=&#8221;#&#8221;][wr_vc_section_partner image=&#8221;1117&#8243; link_url=&#8221;#&#8221;][wr_vc_section_partner image=&#8221;1124&#8243; link_url=&#8221;#&#8221;][wr_vc_section_partner image=&#8221;1118&#8243; link_url=&#8221;#&#8221;][wr_vc_section_partner image=&#8221;1120&#8243; link_url=&#8221;#&#8221;][wr_vc_section_partner image=&#8221;1121&#8243;][wr_vc_section_partner image=&#8221;1119&#8243; link_url=&#8221;#&#8221;][wr_vc_section_partner image=&#8221;1122&#8243; link_url=&#8221;#&#8221;][wr_vc_section_partner image=&#8221;1116&#8243;][\/wr_vc_section_partners][\/vc_column][vc_column width=&#8221;5\/12&#8243;][\/vc_column][\/vc_row]\n<\/div>","protected":false},"excerpt":{"rendered":"<p>[vc_row row_type=&#8221;main-section&#8221; bauen_section_layout=&#8221;section_grid&#8221; bauen_df_padding_bottom=&#8221;section-padding2&#8243;][vc_column][wr_vc_section_heading title=&#8221;SANAT DEKORASYON&#8221; animate=&#8221;yes&#8221; title2=&#8221;Bauen&#8221;]Founded in 1986 in Istanbul by Leyla and Faruk D\u00fclgar, SANAT DEKORASYON was further strengthened with the participation of Oktay and Turgay Ok\u00e7u, evolving into a well-established family-owned company. With the inclusion of Ege D\u00fclgar, who completed his education in Italy, the brand acquired a refined international design vision. What began as a&#8230;<\/p>\n","protected":false},"author":1,"featured_media":0,"parent":0,"menu_order":0,"comment_status":"closed","ping_status":"closed","template":"","meta":{"footnotes":"","_links_to":"","_links_to_target":""},"class_list":["post-56","page","type-page","status-publish","hentry"],"_links":{"self":[{"href":"https:\/\/sanatdekorasyon.com\/en\/wp-json\/wp\/v2\/pages\/56","targetHints":{"allow":["GET"]}}],"collection":[{"href":"https:\/\/sanatdekorasyon.com\/en\/wp-json\/wp\/v2\/pages"}],"about":[{"href":"https:\/\/sanatdekorasyon.com\/en\/wp-json\/wp\/v2\/types\/page"}],"author":[{"embeddable":true,"href":"https:\/\/sanatdekorasyon.com\/en\/wp-json\/wp\/v2\/users\/1"}],"replies":[{"embeddable":true,"href":"https:\/\/sanatdekorasyon.com\/en\/wp-json\/wp\/v2\/comments?post=56"}],"version-history":[{"count":16,"href":"https:\/\/sanatdekorasyon.com\/en\/wp-json\/wp\/v2\/pages\/56\/revisions"}],"predecessor-version":[{"id":1351,"href":"https:\/\/sanatdekorasyon.com\/en\/wp-json\/wp\/v2\/pages\/56\/revisions\/1351"}],"wp:attachment":[{"href":"https:\/\/sanatdekorasyon.com\/en\/wp-json\/wp\/v2\/media?parent=56"}],"curies":[{"name":"wp","href":"https:\/\/api.w.org\/{rel}","templated":true}]}}