{"id":204,"date":"2021-09-25T14:49:40","date_gmt":"2021-09-25T14:49:40","guid":{"rendered":"https:\/\/webredox.net\/demo\/wp\/bauen\/light\/multi\/demo1\/?page_id=9"},"modified":"2026-03-17T06:14:33","modified_gmt":"2026-03-17T06:14:33","slug":"home","status":"publish","type":"page","link":"https:\/\/sanatdekorasyon.com\/en\/","title":{"rendered":"HOME"},"content":{"rendered":"<div class=\"wpb-content-wrapper\">[vc_row row_type=&#8221;main-section&#8221; bauen_section_layout=&#8221;section_grid&#8221; bauen_df_padding_top=&#8221;section-padding1&#8243; bauen_df_padding_bottom=&#8221;section-padding2&#8243;][vc_column][wr_vc_section_heading title=&#8221;SANAT DEKORASYON&#8221; animate=&#8221;yes&#8221; title2=&#8221;Bauen&#8221;]Founded in 1986 in Istanbul by Leyla and Faruk D\u00fclgar, SANAT DEKORASYON was further strengthened with the participation of Oktay and Turgay Ok\u00e7u, evolving into a well-established family-owned company. With the inclusion of Ege D\u00fclgar, who completed his education in Italy, the brand acquired a refined international design vision.<\/p>\n<p>What began as a modest woodworking and upholstery workshop has grown into a global organization delivering distinguished interior spaces and bespoke production projects across numerous countries worldwide. SANAT DEKORASYON integrates functionality, aesthetics, and superior quality in custom furniture design, manufacturing, and large-scale turnkey projects.<\/p>\n<p>Supported by internationally compliant project management practices, a robust production infrastructure, and global delivery capabilities, the company continues to serve as a reliable solution partner, creating lasting value in projects of all scales across different regions of the world.[\/wr_vc_section_heading][\/vc_column][\/vc_row][vc_row row_type=&#8221;main-section&#8221; bauen_section_layout=&#8221;section_grid&#8221; bauen_df_padding_top=&#8221;section-padding1&#8243; bauen_df_padding_bottom=&#8221;section-padding2&#8243;][vc_column][wr_vc_section_heading title=&#8221;Our `{`span`}` Projects `{`\/span`}`&#8221; title2=&#8221;Projects&#8221;][\/wr_vc_section_heading]<div class=\"sec-portfolio projects \"><div class=\"owl-carousel owl-theme\" data-projects-autoplay=\"true\" data-projects-speed=\"1500\" data-projects-nav=\"true\" data-projects-dots=\"true\"data-rtl=\"false\"><div class=\"item position-re-block\"><div class=\"osition-re position-re-order-carousel o-hidden\"><div class=\"cd-pt-ab\"><img decoding=\"async\" src=\"https:\/\/sanatdekorasyon.com\/en\/wp-content\/uploads\/2025\/04\/majlis_of_authority_8.jpg\" alt=\"\" \/><\/div><\/div><div class=\"con\"><h6><\/h6><h5><a href=\"https:\/\/sanatdekorasyon.com\/en\/majlis-of-authority\/\">Majlis of Authority<\/a><\/h5><div class=\"line\"><\/div> <a href=\"https:\/\/sanatdekorasyon.com\/en\/majlis-of-authority\/\"><i class=\"ti-arrow-right\"><\/i><\/a><\/div><\/div><div class=\"item position-re-block\"><div class=\"osition-re position-re-order-carousel o-hidden\"><div class=\"cd-pt-ab\"><img decoding=\"async\" src=\"https:\/\/sanatdekorasyon.com\/en\/wp-content\/uploads\/2025\/04\/crafted-serenity-4.jpg\" alt=\"\" \/><\/div><\/div><div class=\"con\"><h6><\/h6><h5><a href=\"https:\/\/sanatdekorasyon.com\/en\/crafted-serenity\/\">Crafted Serenity<\/a><\/h5><div class=\"line\"><\/div> <a href=\"https:\/\/sanatdekorasyon.com\/en\/crafted-serenity\/\"><i class=\"ti-arrow-right\"><\/i><\/a><\/div><\/div><div class=\"item position-re-block\"><div class=\"osition-re position-re-order-carousel o-hidden\"><div class=\"cd-pt-ab\"><img decoding=\"async\" src=\"https:\/\/sanatdekorasyon.com\/en\/wp-content\/uploads\/2025\/04\/blue-horizon-house-21.jpg\" alt=\"\" \/><\/div><\/div><div class=\"con\"><h6><\/h6><h5><a href=\"https:\/\/sanatdekorasyon.com\/en\/blue-horizon-house\/\">Blue Horizon House<\/a><\/h5><div class=\"line\"><\/div> <a href=\"https:\/\/sanatdekorasyon.com\/en\/blue-horizon-house\/\"><i class=\"ti-arrow-right\"><\/i><\/a><\/div><\/div><div class=\"item position-re-block\"><div class=\"osition-re position-re-order-carousel o-hidden\"><div class=\"cd-pt-ab\"><img decoding=\"async\" src=\"https:\/\/sanatdekorasyon.com\/en\/wp-content\/uploads\/2025\/04\/venetian-signature-3.jpg\" alt=\"\" \/><\/div><\/div><div class=\"con\"><h6><\/h6><h5><a href=\"https:\/\/sanatdekorasyon.com\/en\/venetian-signature\/\">Venetian Signature<\/a><\/h5><div class=\"line\"><\/div> <a href=\"https:\/\/sanatdekorasyon.com\/en\/venetian-signature\/\"><i class=\"ti-arrow-right\"><\/i><\/a><\/div><\/div><div class=\"item position-re-block\"><div class=\"osition-re position-re-order-carousel o-hidden\"><div class=\"cd-pt-ab\"><img decoding=\"async\" src=\"https:\/\/sanatdekorasyon.com\/en\/wp-content\/uploads\/2025\/07\/modern-royal-quiet-4.jpg\" alt=\"\" \/><\/div><\/div><div class=\"con\"><h6><\/h6><h5><a href=\"https:\/\/sanatdekorasyon.com\/en\/modern-royal-quiet\/\">Modern Royal Quiet<\/a><\/h5><div class=\"line\"><\/div> <a href=\"https:\/\/sanatdekorasyon.com\/en\/modern-royal-quiet\/\"><i class=\"ti-arrow-right\"><\/i><\/a><\/div><\/div><div class=\"item position-re-block\"><div class=\"osition-re position-re-order-carousel o-hidden\"><div class=\"cd-pt-ab\"><img decoding=\"async\" src=\"https:\/\/sanatdekorasyon.com\/en\/wp-content\/uploads\/2026\/03\/layla_gocek_hotel_16.jpg\" alt=\"\" \/><\/div><\/div><div class=\"con\"><h6><\/h6><h5><a href=\"https:\/\/sanatdekorasyon.com\/en\/layla-hotel\/\">Layla Hotel<\/a><\/h5><div class=\"line\"><\/div> <a href=\"https:\/\/sanatdekorasyon.com\/en\/layla-hotel\/\"><i class=\"ti-arrow-right\"><\/i><\/a><\/div><\/div><div class=\"item position-re-block\"><div class=\"osition-re position-re-order-carousel o-hidden\"><div class=\"cd-pt-ab\"><img decoding=\"async\" src=\"https:\/\/sanatdekorasyon.com\/en\/wp-content\/uploads\/2025\/07\/timeless-comfort-2.jpg\" alt=\"\" \/><\/div><\/div><div class=\"con\"><h6><\/h6><h5><a href=\"https:\/\/sanatdekorasyon.com\/en\/timeless-comfort\/\">Timeless Comfort<\/a><\/h5><div class=\"line\"><\/div> <a href=\"https:\/\/sanatdekorasyon.com\/en\/timeless-comfort\/\"><i class=\"ti-arrow-right\"><\/i><\/a><\/div><\/div><div class=\"item position-re-block\"><div class=\"osition-re position-re-order-carousel o-hidden\"><div class=\"cd-pt-ab\"><img decoding=\"async\" src=\"https:\/\/sanatdekorasyon.com\/en\/wp-content\/uploads\/2026\/02\/bosphorus_balance_0.jpg\" alt=\"\" \/><\/div><\/div><div class=\"con\"><h6><\/h6><h5><a href=\"https:\/\/sanatdekorasyon.com\/en\/bosphorus-balance\/\">Bosphorus Balance<\/a><\/h5><div class=\"line\"><\/div> <a href=\"https:\/\/sanatdekorasyon.com\/en\/bosphorus-balance\/\"><i class=\"ti-arrow-right\"><\/i><\/a><\/div><\/div><div class=\"item position-re-block\"><div class=\"osition-re position-re-order-carousel o-hidden\"><div class=\"cd-pt-ab\"><img decoding=\"async\" src=\"https:\/\/sanatdekorasyon.com\/en\/wp-content\/uploads\/2025\/07\/a-refined-composition-6.jpeg\" alt=\"\" \/><\/div><\/div><div class=\"con\"><h6><\/h6><h5><a href=\"https:\/\/sanatdekorasyon.com\/en\/a-refined-composition\/\">A Refined Composition<\/a><\/h5><div class=\"line\"><\/div> <a href=\"https:\/\/sanatdekorasyon.com\/en\/a-refined-composition\/\"><i class=\"ti-arrow-right\"><\/i><\/a><\/div><\/div><div class=\"item position-re-block\"><div class=\"osition-re position-re-order-carousel o-hidden\"><div class=\"cd-pt-ab\"><img decoding=\"async\" src=\"https:\/\/sanatdekorasyon.com\/en\/wp-content\/uploads\/2025\/07\/a-ritual-of-hosting-9.jpg\" alt=\"\" \/><\/div><\/div><div class=\"con\"><h6><\/h6><h5><a href=\"https:\/\/sanatdekorasyon.com\/en\/a-ritual-of-hosting\/\">A Ritual of Hosting<\/a><\/h5><div class=\"line\"><\/div> <a href=\"https:\/\/sanatdekorasyon.com\/en\/a-ritual-of-hosting\/\"><i class=\"ti-arrow-right\"><\/i><\/a><\/div><\/div><div class=\"item position-re-block\"><div class=\"osition-re position-re-order-carousel o-hidden\"><div class=\"cd-pt-ab\"><img decoding=\"async\" src=\"https:\/\/sanatdekorasyon.com\/en\/wp-content\/uploads\/2026\/02\/crafted-reborn-4.jpg\" alt=\"\" \/><\/div><\/div><div class=\"con\"><h6><\/h6><h5><a href=\"https:\/\/sanatdekorasyon.com\/en\/crafted-reborn\/\">Crafted Reborn<\/a><\/h5><div class=\"line\"><\/div> <a href=\"https:\/\/sanatdekorasyon.com\/en\/crafted-reborn\/\"><i class=\"ti-arrow-right\"><\/i><\/a><\/div><\/div><div class=\"item position-re-block\"><div class=\"osition-re position-re-order-carousel o-hidden\"><div class=\"cd-pt-ab\"><img decoding=\"async\" src=\"https:\/\/sanatdekorasyon.com\/en\/wp-content\/uploads\/2026\/02\/timeless_bosphorus_1.jpg\" alt=\"\" \/><\/div><\/div><div class=\"con\"><h6><\/h6><h5><a href=\"https:\/\/sanatdekorasyon.com\/en\/timeless-bosphorus\/\">Timeless Bosphorus<\/a><\/h5><div class=\"line\"><\/div> <a href=\"https:\/\/sanatdekorasyon.com\/en\/timeless-bosphorus\/\"><i class=\"ti-arrow-right\"><\/i><\/a><\/div><\/div><div class=\"item position-re-block\"><div class=\"osition-re position-re-order-carousel o-hidden\"><div class=\"cd-pt-ab\"><img decoding=\"async\" src=\"https:\/\/sanatdekorasyon.com\/en\/wp-content\/uploads\/2026\/02\/the-serene-spa-house-34.jpg\" alt=\"\" \/><\/div><\/div><div class=\"con\"><h6><\/h6><h5><a href=\"https:\/\/sanatdekorasyon.com\/en\/the-serene-spa-house\/\">The Serene Spa House<\/a><\/h5><div class=\"line\"><\/div> <a href=\"https:\/\/sanatdekorasyon.com\/en\/the-serene-spa-house\/\"><i class=\"ti-arrow-right\"><\/i><\/a><\/div><\/div><div class=\"item position-re-block\"><div class=\"osition-re position-re-order-carousel o-hidden\"><div class=\"cd-pt-ab\"><img decoding=\"async\" src=\"https:\/\/sanatdekorasyon.com\/en\/wp-content\/uploads\/2026\/02\/reflections_of_the-bosphorus_5.jpg\" alt=\"\" \/><\/div><\/div><div class=\"con\"><h6><\/h6><h5><a href=\"https:\/\/sanatdekorasyon.com\/en\/reflections-of-the-bosphorus\/\">Reflections of the Bosphorus<\/a><\/h5><div class=\"line\"><\/div> <a href=\"https:\/\/sanatdekorasyon.com\/en\/reflections-of-the-bosphorus\/\"><i class=\"ti-arrow-right\"><\/i><\/a><\/div><\/div><div class=\"item position-re-block\"><div class=\"osition-re position-re-order-carousel o-hidden\"><div class=\"cd-pt-ab\"><img decoding=\"async\" src=\"https:\/\/sanatdekorasyon.com\/en\/wp-content\/uploads\/2026\/02\/serene-aristocracy-31.jpg\" alt=\"\" \/><\/div><\/div><div class=\"con\"><h6><\/h6><h5><a href=\"https:\/\/sanatdekorasyon.com\/en\/serene-aristocracy\/\">Serene Aristocracy<\/a><\/h5><div class=\"line\"><\/div> <a href=\"https:\/\/sanatdekorasyon.com\/en\/serene-aristocracy\/\"><i class=\"ti-arrow-right\"><\/i><\/a><\/div><\/div><div class=\"item position-re-block\"><div class=\"osition-re position-re-order-carousel o-hidden\"><div class=\"cd-pt-ab\"><img decoding=\"async\" src=\"https:\/\/sanatdekorasyon.com\/en\/wp-content\/uploads\/2026\/02\/quiet-modern-elegance-7.jpg\" alt=\"\" \/><\/div><\/div><div class=\"con\"><h6><\/h6><h5><a href=\"https:\/\/sanatdekorasyon.com\/en\/quiet-modern-elegance\/\">Quiet Modern Elegance<\/a><\/h5><div class=\"line\"><\/div> <a href=\"https:\/\/sanatdekorasyon.com\/en\/quiet-modern-elegance\/\"><i class=\"ti-arrow-right\"><\/i><\/a><\/div><\/div><div class=\"item position-re-block\"><div class=\"osition-re position-re-order-carousel o-hidden\"><div class=\"cd-pt-ab\"><img decoding=\"async\" src=\"https:\/\/sanatdekorasyon.com\/en\/wp-content\/uploads\/2026\/02\/garden_to_the_bosphorus_11.jpg\" alt=\"\" \/><\/div><\/div><div class=\"con\"><h6><\/h6><h5><a href=\"https:\/\/sanatdekorasyon.com\/en\/garden-to-the-bosphorus\/\">Garden to the Bosphorus<\/a><\/h5><div class=\"line\"><\/div> <a href=\"https:\/\/sanatdekorasyon.com\/en\/garden-to-the-bosphorus\/\"><i class=\"ti-arrow-right\"><\/i><\/a><\/div><\/div><div class=\"item position-re-block\"><div class=\"osition-re position-re-order-carousel o-hidden\"><div class=\"cd-pt-ab\"><img decoding=\"async\" src=\"https:\/\/sanatdekorasyon.com\/en\/wp-content\/uploads\/2025\/07\/the-artistic-retreat-7.jpg\" alt=\"\" \/><\/div><\/div><div class=\"con\"><h6><\/h6><h5><a href=\"https:\/\/sanatdekorasyon.com\/en\/the-artistic-retreat\/\">The Artistic Retreat<\/a><\/h5><div class=\"line\"><\/div> <a href=\"https:\/\/sanatdekorasyon.com\/en\/the-artistic-retreat\/\"><i class=\"ti-arrow-right\"><\/i><\/a><\/div><\/div><\/div><\/div>[\/vc_column][\/vc_row][vc_row row_type=&#8221;main-section&#8221; bauen_section_layout=&#8221;section_grid&#8221; bauen_df_padding_top=&#8221;section-padding1&#8243; bauen_df_padding_bottom=&#8221;section-padding2&#8243;][vc_column el_id=&#8221;aa1&#8243;][vc_raw_html css=&#8221;&#8221;]JTNDZGl2JTNFJTBBJTIwJTIwJTIwJTIwJTNDc3BhbiUyMGlkJTNEJTIyc3AzJTIyJTIwY2xhc3MlM0QlMjJpbWFnZS10ZXh0LWxlZnQlMjIlM0U0MiUzQyUyRnNwYW4lM0UlMEElM0MlMkZkaXYlM0UlMEElM0NkaXYlM0UlMEElMjAlMjAlMjAlMjAlM0NzcGFuJTIwaWQlM0QlMjJzcDElMjIlMjBjbGFzcyUzRCUyMmltYWdlLXRleHQtcmlnaHQlMjIlM0VZRUFSUyUyME9GJTIwU1VDQ0VTU0ZVTCUyMFdPUkslM0MlMkZzcGFuJTNFJTNDYnIlM0UlMEElMjAlMjAlMjAlMjAlM0NzcGFuJTIwaWQlM0QlMjJzcDIlMjIlMjBjbGFzcyUzRCUyMmltYWdlLXRleHQtcmlnaHQlMjIlM0VJTiUyMFRIRSUyME1BUktFVCUzQyUyRnNwYW4lM0UlMEElM0MlMkZkaXYlM0UlMEElM0NzY3JpcHQlM0UlMEFkb2N1bWVudC5hZGRFdmVudExpc3RlbmVyJTI4JTI3RE9NQ29udGVudExvYWRlZCUyNyUyQyUyMGZ1bmN0aW9uJTIwJTI4JTI5JTIwJTdCJTBBJTIwJTIwdmFyJTIwZWxlbWVudHNSaWdodCUyMCUzRCUyMGRvY3VtZW50LnF1ZXJ5U2VsZWN0b3JBbGwlMjglMjclMjNzcDElMkMlMjAlMjNzcDIlMjclMjklM0IlMEElMjAlMjB2YXIlMjBlbGVtZW50c0xlZnQlMjAlM0QlMjBkb2N1bWVudC5xdWVyeVNlbGVjdG9yQWxsJTI4JTI3JTIzc3AzJTI3JTI5JTNCJTBBJTBBJTIwJTIwaWYlMjAlMjglMjdJbnRlcnNlY3Rpb25PYnNlcnZlciUyNyUyMGluJTIwd2luZG93JTI5JTIwJTdCJTBBJTIwJTIwJTIwJTIwdmFyJTIwb2JzZXJ2ZXIlMjAlM0QlMjBuZXclMjBJbnRlcnNlY3Rpb25PYnNlcnZlciUyOGZ1bmN0aW9uJTI4ZW50cmllcyUyQyUyMG9ic2VydmVyJTI5JTIwJTdCJTBBJTIwJTIwJTIwJTIwJTIwJTIwZW50cmllcy5mb3JFYWNoJTI4ZnVuY3Rpb24lMjhlbnRyeSUyOSUyMCU3QiUwQSUyMCUyMCUyMCUyMCUyMCUyMCUyMCUyMGlmJTIwJTI4ZW50cnkuaXNJbnRlcnNlY3RpbmclMjklMjAlN0IlMEElMjAlMjAlMjAlMjAlMjAlMjAlMjAlMjAlMjAlMjBpZiUyMCUyOGVudHJ5LnRhcmdldC5pZCUyMCUzRCUzRCUzRCUyMCUyN3NwMSUyNyUyMCU3QyU3QyUyMGVudHJ5LnRhcmdldC5pZCUyMCUzRCUzRCUzRCUyMCUyN3NwMiUyNyUyOSUyMCU3QiUwQSUyMCUyMCUyMCUyMCUyMCUyMCUyMCUyMCUyMCUyMCUyMCUyMGVudHJ5LnRhcmdldC5jbGFzc0xpc3QuYWRkJTI4JTI3ZmFkZS1pbi1yaWdodCUyNyUyOSUzQiUwQSUyMCUyMCUyMCUyMCUyMCUyMCUyMCUyMCUyMCUyMCU3RCUwQSUyMCUyMCUyMCUyMCUyMCUyMCUyMCUyMCUyMCUyMGlmJTIwJTI4ZW50cnkudGFyZ2V0LmlkJTIwJTNEJTNEJTNEJTIwJTI3c3AzJTI3JTI5JTIwJTdCJTBBJTIwJTIwJTIwJTIwJTIwJTIwJTIwJTIwJTIwJTIwJTIwJTIwZW50cnkudGFyZ2V0LmNsYXNzTGlzdC5hZGQlMjglMjdmYWRlLWluLWxlZnQlMjclMjklM0IlMEElMjAlMjAlMjAlMjAlMjAlMjAlMjAlMjAlMjAlMjAlN0QlMEElMjAlMjAlMjAlMjAlMjAlMjAlMjAlMjAlMjAlMjBvYnNlcnZlci51bm9ic2VydmUlMjhlbnRyeS50YXJnZXQlMjklM0IlMEElMjAlMjAlMjAlMjAlMjAlMjAlMjAlMjAlN0QlMEElMjAlMjAlMjAlMjAlMjAlMjAlN0QlMjklM0IlMEElMjAlMjAlMjAlMjAlN0QlMjklM0IlMEElMEElMjAlMjAlMjAlMjBlbGVtZW50c1JpZ2h0LmZvckVhY2glMjhmdW5jdGlvbiUyOGVsZW1lbnQlMjklMjAlN0IlMEElMjAlMjAlMjAlMjAlMjAlMjBvYnNlcnZlci5vYnNlcnZlJTI4ZWxlbWVudCUyOSUzQiUwQSUyMCUyMCUyMCUyMCU3RCUyOSUzQiUwQSUwQSUyMCUyMCUyMCUyMGVsZW1lbnRzTGVmdC5mb3JFYWNoJTI4ZnVuY3Rpb24lMjhlbGVtZW50JTI5JTIwJTdCJTBBJTIwJTIwJTIwJTIwJTIwJTIwb2JzZXJ2ZXIub2JzZXJ2ZSUyOGVsZW1lbnQlMjklM0IlMEElMjAlMjAlMjAlMjAlN0QlMjklM0IlMEElMjAlMjAlN0QlMjBlbHNlJTIwJTdCJTBBJTIwJTIwJTIwJTIwZnVuY3Rpb24lMjBjaGVja1Njcm9sbCUyOCUyOSUyMCU3QiUwQSUyMCUyMCUyMCUyMCUyMCUyMGVsZW1lbnRzUmlnaHQuZm9yRWFjaCUyOGZ1bmN0aW9uJTI4ZWxlbWVudCUyOSUyMCU3QiUwQSUyMCUyMCUyMCUyMCUyMCUyMCUyMCUyMHZhciUyMHJlY3QlMjAlM0QlMjBlbGVtZW50LmdldEJvdW5kaW5nQ2xpZW50UmVjdCUyOCUyOSUzQiUwQSUyMCUyMCUyMCUyMCUyMCUyMCUyMCUyMGlmJTIwJTI4cmVjdC50b3AlMjAlM0MlMjB3aW5kb3cuaW5uZXJIZWlnaHQlMjAlMjYlMjYlMjByZWN0LmJvdHRvbSUyMCUzRSUyMDAlMjklMjAlN0IlMEElMjAlMjAlMjAlMjAlMjAlMjAlMjAlMjAlMjAlMjBlbGVtZW50LmNsYXNzTGlzdC5hZGQlMjglMjdmYWRlLWluLXJpZ2h0JTI3JTI5JTNCJTBBJTIwJTIwJTIwJTIwJTIwJTIwJTIwJTIwJTdEJTBBJTIwJTIwJTIwJTIwJTIwJTIwJTdEJTI5JTNCJTBBJTBBJTIwJTIwJTIwJTIwJTIwJTIwZWxlbWVudHNMZWZ0LmZvckVhY2glMjhmdW5jdGlvbiUyOGVsZW1lbnQlMjklMjAlN0IlMEElMjAlMjAlMjAlMjAlMjAlMjAlMjAlMjB2YXIlMjByZWN0JTIwJTNEJTIwZWxlbWVudC5nZXRCb3VuZGluZ0NsaWVudFJlY3QlMjglMjklM0IlMEElMjAlMjAlMjAlMjAlMjAlMjAlMjAlMjBpZiUyMCUyOHJlY3QudG9wJTIwJTNDJTIwd2luZG93LmlubmVySGVpZ2h0JTIwJTI2JTI2JTIwcmVjdC5ib3R0b20lMjAlM0UlMjAwJTI5JTIwJTdCJTBBJTIwJTIwJTIwJTIwJTIwJTIwJTIwJTIwJTIwJTIwZWxlbWVudC5jbGFzc0xpc3QuYWRkJTI4JTI3ZmFkZS1pbi1sZWZ0JTI3JTI5JTNCJTBBJTIwJTIwJTIwJTIwJTIwJTIwJTIwJTIwJTdEJTBBJTIwJTIwJTIwJTIwJTIwJTIwJTdEJTI5JTNCJTBBJTIwJTIwJTIwJTIwJTdEJTBBJTBBJTIwJTIwJTIwJTIwd2luZG93LmFkZEV2ZW50TGlzdGVuZXIlMjglMjdzY3JvbGwlMjclMkMlMjBjaGVja1Njcm9sbCUyOSUzQiUwQSUyMCUyMCUyMCUyMGNoZWNrU2Nyb2xsJTI4JTI5JTNCJTBBJTIwJTIwJTdEJTBBJTdEJTI5JTNCJTBBJTNDJTJGc2NyaXB0JTNF[\/vc_raw_html][vc_row_inner css=&#8221;.vc_custom_1771926309707{margin-top: 100px !important;margin-bottom: 100px !important;background-image: url(https:\/\/test.sanatdekorasyon.com\/tr\/wp-content\/uploads\/2025\/03\/bg1-home1.jpg?id=384) !important;background-position: center !important;background-repeat: no-repeat !important;background-size: cover !important;}&#8221;][vc_column_inner el_class=&#8221;left&#8221; width=&#8221;2\/3&#8243;][vc_raw_html css=&#8221;&#8221;]JTNDc3BhbiUyMGlkJTNEJTIycXVvdGVfJTIyJTNFJTIyT3VyJTIwZGVzaWduJTIwcGhpbG9zb3BoeSUyMGRvZXMlMjBub3QlMjByZXNpc3QlMjB0aW1lJTNCJTNDYnIlM0VpdCUyMGJyZWF0aGVzJTIwYWxvbmdzaWRlJTIwaXQuJTIwV2UlMjBiZWxpZXZlJTIwdGhhdCUyMGV2ZXJ5JTIwZGV0YWlsJTIwY2FycmllcyUyMG1lYW5pbmclMkMlMjBhbmQlMjB0aGF0JTIwZXZlcnklMjBzcGFjZSUyMGdyYWR1YWxseSUyMHRyYW5zZm9ybXMlMjBpbnRvJTIwYSUyMHN0b3J5JTIwb3ZlciUyMHRpbWUuJTIyJTNDJTJGc3BhbiUzRSUwQSUzQ3AlMjBzdHlsZSUzRCUyMnBhZGRpbmclM0ElMjAxNXB4JTIwMzBweCUzQiUyMHRleHQtYWxpZ24lM0ElMjByaWdodCUyMiUzRSUzQ3NwYW4lMjBzdHlsZSUzRCUyMmNvbG9yJTNBJTIwJTIzYjA5Njc3JTNCJTIwZm9udC13ZWlnaHQlM0ElMjA3MDAlM0IlMjBsZXR0ZXItc3BhY2luZyUzQSUyMC0xcHglM0IlMjBmb250LXNpemUlM0ElMjAzOHB4JTNCJTIwbGluZS1oZWlnaHQlM0ElMjA0NXB4JTNCJTIyJTNFRWdlJTIwRCVDMyVCQ2xnYXIlM0MlMkZzcGFuJTNFJTNDYnIlM0UlM0NzcGFuJTIwc3R5bGUlM0QlMjJjb2xvciUzQSUyMCUyM2ZmZmZmZiUzQiUyMGZvbnQtd2VpZ2h0JTNBJTIwNjAwJTNCJTIwbGV0dGVyLXNwYWNpbmclM0ElMjA0cHglM0IlMjBmb250LXNpemUlM0ElMjAxNXB4JTNCJTBBJTIwJTIwJTIwJTIwbWFyZ2luLWxlZnQlM0ElMjAycHglM0IlMjIlM0VDTy1GT1VOREVSJTNDJTJGc3BhbiUzRSUzQyUyRnAlM0U=[\/vc_raw_html][\/vc_column_inner][vc_column_inner el_class=&#8221;right&#8221; width=&#8221;1\/3&#8243;][vc_single_image image=&#8221;1298&#8243; img_size=&#8221;250&#215;250&#8243; alignment=&#8221;center&#8221; css=&#8221;&#8221;][\/vc_column_inner][\/vc_row_inner][\/vc_column][\/vc_row][vc_row row_type=&#8221;main-section&#8221; bauen_section_layout=&#8221;section_grid&#8221; bauen_df_padding_top=&#8221;section-padding1&#8243; bauen_df_padding_bottom=&#8221;section-padding2&#8243;][vc_column][wr_vc_section_heading title=&#8221;Our `{`span`}` Services `{`\/span`}`&#8221; title2=&#8221;Services&#8221;][\/wr_vc_section_heading][vc_row_inner el_class=&#8221;services-row&#8221;][vc_column_inner width=&#8221;1\/3&#8243;][wr_vc_section_services image=&#8221;31&#8243; title=&#8221;Interior Design&#8221; title2=&#8221;01&#8243;]Interior spaces designed as a whole, shaped by time, detail and use.[\/wr_vc_section_services][\/vc_column_inner][vc_column_inner width=&#8221;1\/3&#8243;][wr_vc_section_services image=&#8221;32&#8243; title=&#8221;Bespoke Furniture &amp; Production&#8221; title2=&#8221;02&#8243;]Custom-made furniture and interior elements designed and crafted in-house.[\/wr_vc_section_services][\/vc_column_inner][vc_column_inner width=&#8221;1\/3&#8243;][wr_vc_section_services image=&#8221;33&#8243; title=&#8221;Interior Urbanism&#8221; title2=&#8221;03&#8243;]We conceive interiors not as isolated rooms, but as living systems shaped by flow, scale, and relationships.[\/wr_vc_section_services][\/vc_column_inner][\/vc_row_inner][\/vc_column][\/vc_row][vc_row row_type=&#8221;main-section&#8221; bauen_section_layout=&#8221;section_grid&#8221; bauen_df_padding_top=&#8221;section-padding1&#8243; bauen_df_padding_bottom=&#8221;section-padding2&#8243;][vc_column][wr_vc_section_heading text_align=&#8221;text-center&#8221; title=&#8221;SELECTED PROJECTS&#8221;][\/wr_vc_section_heading][vc_row_inner][vc_column_inner width=&#8221;1\/2&#8243;][vc_single_image image=&#8221;1173&#8243; img_size=&#8221;large&#8221; alignment=&#8221;right&#8221; onclick=&#8221;custom_link&#8221; css=&#8221;&#8221; link=&#8221;https:\/\/test.sanatdekorasyon.com\/tr\/venetian-signature\/&#8221;][\/vc_column_inner][vc_column_inner width=&#8221;1\/2&#8243;][vc_column_text css=&#8221;&#8221; el_id=&#8221;p23&#8243;]\n<h2><span style=\"font-weight: 400;\"><span style=\"color: #ffffff;\">SAN CLEMENTE PALACE<\/span><br \/>\n<span style=\"color: #ffffff;\">Venice<\/span> <\/span><\/h2>\n<p><span style=\"font-size: 18px !important; color: #999 !important; margin-bottom: 50px !important; font-style: italic !important; border-left: 1px solid #aa8b5b; padding-left: 25px;\">Spatial design of selected guest rooms<br \/>\nat one of the world\u2019s top luxury hotels&#8230;<\/span>[\/vc_column_text][\/vc_column_inner][\/vc_row_inner][\/vc_column][\/vc_row][vc_row bauen_row_class=&#8221;bg12&#8243; row_type=&#8221;main-section&#8221; bauen_section_layout=&#8221;section_grid&#8221; bauen_df_padding_top=&#8221;section-padding1&#8243; bauen_background_img=&#8221;1242&#8243; bauen_background_parallaxx=&#8221;st1&#8243; bauen_background_overly=&#8221;3&#8243; bauen_background_index=&#8221;&#8221;][vc_column width=&#8221;6\/12&#8243;][\/vc_column][vc_column width=&#8221;1\/12&#8243;][\/vc_column][vc_column width=&#8221;5\/12&#8243;][wr_vc_section_testimonials animate=&#8221;yes&#8221; title=&#8221;What Client&#8217;s Say?&#8221;][wr_vc_section_testimonial image=&#8221;20&#8243; title=&#8221;Jason Brown&#8221; title2=&#8221;Crowne Plaza Owner&#8221;]Architect dapibus augue metus the nec feugiat erat hendrerit nec. Duis ve ante the lemon sanleo nec feugiat erat hendrerit necuis ve ante.[\/wr_vc_section_testimonial][wr_vc_section_testimonial image=&#8221;21&#8243; title=&#8221;Emily White&#8221; title2=&#8221;Armada Owner&#8221;]Interior dapibus augue metus the nec feugiat erat hendrerit nec. Duis ve ante the lemon sanleo nec feugiat erat hendrerit necuis ve ante.[\/wr_vc_section_testimonial][wr_vc_section_testimonial image=&#8221;23&#8243; title=&#8221;Jesica Smith&#8221; title2=&#8221;Alsa Manager&#8221;]Urban dapibus augue metus the nec feugiat erat hendrerit nec. Duis ve ante the lemon sanleo nec feugiat erat hendrerit necuis ve ante.[\/wr_vc_section_testimonial][\/wr_vc_section_testimonials][\/vc_column][\/vc_row][vc_row bauen_row_class=&#8221;section-flags&#8221; row_type=&#8221;main-section&#8221; bauen_section_layout=&#8221;section_grid&#8221; bauen_color_scheme=&#8221;bg-scheme-1&#8243; wr_color_scheme=&#8221;bg-scheme-1&#8243;][vc_column][wr_vc_section_partners class=&#8221;flags&#8221;][wr_vc_section_partner image=&#8221;1115&#8243;][wr_vc_section_partner image=&#8221;1123&#8243; link_url=&#8221;#&#8221;][wr_vc_section_partner image=&#8221;1117&#8243; link_url=&#8221;#&#8221;][wr_vc_section_partner image=&#8221;1124&#8243; link_url=&#8221;#&#8221;][wr_vc_section_partner image=&#8221;1118&#8243; link_url=&#8221;#&#8221;][wr_vc_section_partner image=&#8221;1120&#8243; link_url=&#8221;#&#8221;][wr_vc_section_partner image=&#8221;1121&#8243;][wr_vc_section_partner image=&#8221;1119&#8243; link_url=&#8221;#&#8221;][wr_vc_section_partner image=&#8221;1122&#8243; link_url=&#8221;#&#8221;][wr_vc_section_partner image=&#8221;1116&#8243;][\/wr_vc_section_partners][\/vc_column][\/vc_row][vc_row bauen_row_class=&#8221;section-flags-yedek&#8221; row_type=&#8221;main-section&#8221; bauen_section_layout=&#8221;section_grid&#8221; bauen_color_scheme=&#8221;bg-scheme-1&#8243; wr_color_scheme=&#8221;bg-scheme-1&#8243;][vc_column width=&#8221;7\/12&#8243;][wr_vc_section_partners class=&#8221;flags&#8221;][wr_vc_section_partner image=&#8221;1115&#8243;][wr_vc_section_partner image=&#8221;1123&#8243; link_url=&#8221;#&#8221;][wr_vc_section_partner image=&#8221;1117&#8243; link_url=&#8221;#&#8221;][wr_vc_section_partner image=&#8221;1124&#8243; link_url=&#8221;#&#8221;][wr_vc_section_partner image=&#8221;1118&#8243; link_url=&#8221;#&#8221;][wr_vc_section_partner image=&#8221;1120&#8243; link_url=&#8221;#&#8221;][wr_vc_section_partner image=&#8221;1121&#8243;][wr_vc_section_partner image=&#8221;1119&#8243; link_url=&#8221;#&#8221;][wr_vc_section_partner image=&#8221;1122&#8243; link_url=&#8221;#&#8221;][wr_vc_section_partner image=&#8221;1116&#8243;][\/wr_vc_section_partners][\/vc_column][vc_column width=&#8221;5\/12&#8243;][\/vc_column][\/vc_row]\n<\/div>","protected":false},"excerpt":{"rendered":"<p>[vc_row row_type=&#8221;main-section&#8221; bauen_section_layout=&#8221;section_grid&#8221; bauen_df_padding_top=&#8221;section-padding1&#8243; bauen_df_padding_bottom=&#8221;section-padding2&#8243;][vc_column][wr_vc_section_heading title=&#8221;SANAT DEKORASYON&#8221; animate=&#8221;yes&#8221; title2=&#8221;Bauen&#8221;]Founded in 1986 in Istanbul by Leyla and Faruk D\u00fclgar, SANAT DEKORASYON was further strengthened with the participation of Oktay and Turgay Ok\u00e7u, evolving into a well-established family-owned company. With the inclusion of Ege D\u00fclgar, who completed his education in Italy, the brand acquired a refined international design vision. What began as&#8230;<\/p>\n","protected":false},"author":1,"featured_media":0,"parent":0,"menu_order":0,"comment_status":"closed","ping_status":"closed","template":"","meta":{"footnotes":"","_links_to":"","_links_to_target":""},"class_list":["post-204","page","type-page","status-publish","hentry"],"_links":{"self":[{"href":"https:\/\/sanatdekorasyon.com\/en\/wp-json\/wp\/v2\/pages\/204","targetHints":{"allow":["GET"]}}],"collection":[{"href":"https:\/\/sanatdekorasyon.com\/en\/wp-json\/wp\/v2\/pages"}],"about":[{"href":"https:\/\/sanatdekorasyon.com\/en\/wp-json\/wp\/v2\/types\/page"}],"author":[{"embeddable":true,"href":"https:\/\/sanatdekorasyon.com\/en\/wp-json\/wp\/v2\/users\/1"}],"replies":[{"embeddable":true,"href":"https:\/\/sanatdekorasyon.com\/en\/wp-json\/wp\/v2\/comments?post=204"}],"version-history":[{"count":69,"href":"https:\/\/sanatdekorasyon.com\/en\/wp-json\/wp\/v2\/pages\/204\/revisions"}],"predecessor-version":[{"id":1345,"href":"https:\/\/sanatdekorasyon.com\/en\/wp-json\/wp\/v2\/pages\/204\/revisions\/1345"}],"wp:attachment":[{"href":"https:\/\/sanatdekorasyon.com\/en\/wp-json\/wp\/v2\/media?parent=204"}],"curies":[{"name":"wp","href":"https:\/\/api.w.org\/{rel}","templated":true}]}}