{"id":110,"date":"2021-10-01T10:30:51","date_gmt":"2021-10-01T10:30:51","guid":{"rendered":"https:\/\/webredox.net\/demo\/wp\/bauen\/light\/multi\/demo1\/?page_id=110"},"modified":"2026-03-17T05:42:34","modified_gmt":"2026-03-17T05:42:34","slug":"contact","status":"publish","type":"page","link":"https:\/\/sanatdekorasyon.com\/en\/contact\/","title":{"rendered":"CONTACT"},"content":{"rendered":"<div class=\"wpb-content-wrapper\">[vc_row row_type=&#8221;main-section&#8221; bauen_section_layout=&#8221;section_grid&#8221; bauen_df_padding_bottom=&#8221;section-padding2&#8243;][vc_column][vc_row_inner][vc_column_inner width=&#8221;1\/4&#8243;][wr_vc_section_contact animate=&#8221;yes&#8221;]\n<h2><span style=\"color: #ffffff; font-size: 60px; line-height: 60px;\">SANAT<br \/>\nDEKORASYON<\/span><\/h2>\n[\/wr_vc_section_contact][\/vc_column_inner][vc_column_inner width=&#8221;3\/4&#8243;][wr_vc_section_contact class=&#8221;contact-info&#8221; animate=&#8221;yes&#8221; phone_title1=&#8221;Phone:&#8221; phone_title2=&#8221;+90-212-256-6171&#8243; mail_title1=&#8221;Mail :&#8221; mail_title2=&#8221;info@sanatdekorasyon.com&#8221; address_title1=&#8221;Address:&#8221; address_title2=&#8221;\u0130n\u015firah Yoku\u015fu No:26 34342 Bebek, Istanbul, TURKEY&#8221;][\/wr_vc_section_contact][\/vc_column_inner][\/vc_row_inner][vc_row_inner inner_sec_effect_opt=&#8221;mb-90&#8243;][vc_column_inner][wr_vc_section_gmap animate=&#8221;yes&#8221; latitude=&#8221;41.0777179,29.0408592,826&#8243; address=&#8221;SANAT DEKORASYON<br \/>\n\u0130n\u015firah Yoku\u015fu No:26 34342Bebek, Istanbul, TURKEY&#8221; map_url=&#8221;st3&#8243; image=&#8221;214&#8243;][\/vc_column_inner][\/vc_row_inner][\/vc_column][\/vc_row][vc_row bauen_row_class=&#8221;bg12&#8243; row_type=&#8221;main-section&#8221; bauen_section_layout=&#8221;section_grid&#8221; bauen_df_padding_top=&#8221;section-padding1&#8243; bauen_background_img=&#8221;1242&#8243; bauen_background_parallaxx=&#8221;st1&#8243; bauen_background_overly=&#8221;3&#8243; bauen_background_index=&#8221;&#8221;][vc_column width=&#8221;6\/12&#8243;][\/vc_column][vc_column width=&#8221;1\/12&#8243;][\/vc_column][vc_column width=&#8221;5\/12&#8243;][wr_vc_section_testimonials animate=&#8221;yes&#8221; title=&#8221;What Client&#8217;s Say?&#8221;][wr_vc_section_testimonial image=&#8221;20&#8243; title=&#8221;Jason Brown&#8221; title2=&#8221;Crowne Plaza Owner&#8221;]Architect dapibus augue metus the nec feugiat erat hendrerit nec. Duis ve ante the lemon sanleo nec feugiat erat hendrerit necuis ve ante.[\/wr_vc_section_testimonial][wr_vc_section_testimonial image=&#8221;21&#8243; title=&#8221;Emily White&#8221; title2=&#8221;Armada Owner&#8221;]Interior dapibus augue metus the nec feugiat erat hendrerit nec. Duis ve ante the lemon sanleo nec feugiat erat hendrerit necuis ve ante.[\/wr_vc_section_testimonial][wr_vc_section_testimonial image=&#8221;23&#8243; title=&#8221;Jesica Smith&#8221; title2=&#8221;Alsa Manager&#8221;]Urban dapibus augue metus the nec feugiat erat hendrerit nec. Duis ve ante the lemon sanleo nec feugiat erat hendrerit necuis ve ante.[\/wr_vc_section_testimonial][\/wr_vc_section_testimonials][\/vc_column][\/vc_row][vc_row bauen_row_class=&#8221;section-flags&#8221; row_type=&#8221;main-section&#8221; bauen_section_layout=&#8221;section_grid&#8221; bauen_color_scheme=&#8221;bg-scheme-1&#8243; wr_color_scheme=&#8221;bg-scheme-1&#8243;][vc_column][wr_vc_section_partners class=&#8221;flags&#8221;][wr_vc_section_partner image=&#8221;1115&#8243;][wr_vc_section_partner image=&#8221;1123&#8243; link_url=&#8221;#&#8221;][wr_vc_section_partner image=&#8221;1117&#8243; link_url=&#8221;#&#8221;][wr_vc_section_partner image=&#8221;1124&#8243; link_url=&#8221;#&#8221;][wr_vc_section_partner image=&#8221;1118&#8243; link_url=&#8221;#&#8221;][wr_vc_section_partner image=&#8221;1120&#8243; link_url=&#8221;#&#8221;][wr_vc_section_partner image=&#8221;1121&#8243;][wr_vc_section_partner image=&#8221;1119&#8243; link_url=&#8221;#&#8221;][wr_vc_section_partner image=&#8221;1122&#8243; link_url=&#8221;#&#8221;][wr_vc_section_partner image=&#8221;1116&#8243;][\/wr_vc_section_partners][\/vc_column][\/vc_row][vc_row bauen_row_class=&#8221;section-flags-yedek&#8221; row_type=&#8221;main-section&#8221; bauen_section_layout=&#8221;section_grid&#8221; bauen_color_scheme=&#8221;bg-scheme-1&#8243; wr_color_scheme=&#8221;bg-scheme-1&#8243;][vc_column width=&#8221;7\/12&#8243;][wr_vc_section_partners class=&#8221;flags&#8221;][wr_vc_section_partner image=&#8221;1115&#8243;][wr_vc_section_partner image=&#8221;1123&#8243; link_url=&#8221;#&#8221;][wr_vc_section_partner image=&#8221;1117&#8243; link_url=&#8221;#&#8221;][wr_vc_section_partner image=&#8221;1124&#8243; link_url=&#8221;#&#8221;][wr_vc_section_partner image=&#8221;1118&#8243; link_url=&#8221;#&#8221;][wr_vc_section_partner image=&#8221;1120&#8243; link_url=&#8221;#&#8221;][wr_vc_section_partner image=&#8221;1121&#8243;][wr_vc_section_partner image=&#8221;1119&#8243; link_url=&#8221;#&#8221;][wr_vc_section_partner image=&#8221;1122&#8243; link_url=&#8221;#&#8221;][wr_vc_section_partner image=&#8221;1116&#8243;][\/wr_vc_section_partners][\/vc_column][vc_column width=&#8221;5\/12&#8243;][\/vc_column][\/vc_row]\n<\/div>","protected":false},"excerpt":{"rendered":"<p>[vc_row row_type=&#8221;main-section&#8221; bauen_section_layout=&#8221;section_grid&#8221; bauen_df_padding_bottom=&#8221;section-padding2&#8243;][vc_column][vc_row_inner][vc_column_inner width=&#8221;1\/4&#8243;][wr_vc_section_contact animate=&#8221;yes&#8221;] SANAT DEKORASYON [\/wr_vc_section_contact][\/vc_column_inner][vc_column_inner width=&#8221;3\/4&#8243;][wr_vc_section_contact class=&#8221;contact-info&#8221; animate=&#8221;yes&#8221; phone_title1=&#8221;Phone:&#8221; phone_title2=&#8221;+90-212-256-6171&#8243; mail_title1=&#8221;Mail :&#8221; mail_title2=&#8221;info@sanatdekorasyon.com&#8221; address_title1=&#8221;Address:&#8221; address_title2=&#8221;\u0130n\u015firah Yoku\u015fu No:26 34342 Bebek, Istanbul, TURKEY&#8221;][\/wr_vc_section_contact][\/vc_column_inner][\/vc_row_inner][vc_row_inner inner_sec_effect_opt=&#8221;mb-90&#8243;][vc_column_inner][wr_vc_section_gmap animate=&#8221;yes&#8221; latitude=&#8221;41.0777179,29.0408592,826&#8243; address=&#8221;SANAT DEKORASYON \u0130n\u015firah Yoku\u015fu No:26 34342Bebek, Istanbul, TURKEY&#8221; map_url=&#8221;st3&#8243; image=&#8221;214&#8243;][\/vc_column_inner][\/vc_row_inner][\/vc_column][\/vc_row][vc_row bauen_row_class=&#8221;bg12&#8243; row_type=&#8221;main-section&#8221; bauen_section_layout=&#8221;section_grid&#8221; bauen_df_padding_top=&#8221;section-padding1&#8243; bauen_background_img=&#8221;1242&#8243; bauen_background_parallaxx=&#8221;st1&#8243; bauen_background_overly=&#8221;3&#8243; bauen_background_index=&#8221;&#8221;][vc_column width=&#8221;6\/12&#8243;][\/vc_column][vc_column width=&#8221;1\/12&#8243;][\/vc_column][vc_column width=&#8221;5\/12&#8243;][wr_vc_section_testimonials animate=&#8221;yes&#8221; title=&#8221;What Client&#8217;s Say?&#8221;][wr_vc_section_testimonial image=&#8221;20&#8243; title=&#8221;Jason Brown&#8221; title2=&#8221;Crowne Plaza Owner&#8221;]Architect dapibus&#8230;<\/p>\n","protected":false},"author":1,"featured_media":0,"parent":0,"menu_order":0,"comment_status":"closed","ping_status":"closed","template":"","meta":{"footnotes":"","_links_to":"","_links_to_target":""},"class_list":["post-110","page","type-page","status-publish","hentry"],"_links":{"self":[{"href":"https:\/\/sanatdekorasyon.com\/en\/wp-json\/wp\/v2\/pages\/110","targetHints":{"allow":["GET"]}}],"collection":[{"href":"https:\/\/sanatdekorasyon.com\/en\/wp-json\/wp\/v2\/pages"}],"about":[{"href":"https:\/\/sanatdekorasyon.com\/en\/wp-json\/wp\/v2\/types\/page"}],"author":[{"embeddable":true,"href":"https:\/\/sanatdekorasyon.com\/en\/wp-json\/wp\/v2\/users\/1"}],"replies":[{"embeddable":true,"href":"https:\/\/sanatdekorasyon.com\/en\/wp-json\/wp\/v2\/comments?post=110"}],"version-history":[{"count":20,"href":"https:\/\/sanatdekorasyon.com\/en\/wp-json\/wp\/v2\/pages\/110\/revisions"}],"predecessor-version":[{"id":1348,"href":"https:\/\/sanatdekorasyon.com\/en\/wp-json\/wp\/v2\/pages\/110\/revisions\/1348"}],"wp:attachment":[{"href":"https:\/\/sanatdekorasyon.com\/en\/wp-json\/wp\/v2\/media?parent=110"}],"curies":[{"name":"wp","href":"https:\/\/api.w.org\/{rel}","templated":true}]}}